{"id":1331,"date":"2025-11-17T19:50:30","date_gmt":"2025-11-17T18:50:30","guid":{"rendered":"https:\/\/seasilk.travel\/integritetspolicy\/"},"modified":"2026-02-16T11:09:52","modified_gmt":"2026-02-16T10:09:52","slug":"integritetspolicy","status":"publish","type":"page","link":"https:\/\/seasilk.travel\/sv\/integritetspolicy\/","title":{"rendered":"Integritetspolicy"},"content":{"rendered":"\t\t<div data-elementor-type=\"wp-page\" data-elementor-id=\"1331\" class=\"elementor elementor-1331 elementor-3\" data-elementor-post-type=\"page\">\n\t\t\t\t<div class=\"elementor-element elementor-element-2854f273 e-flex e-con-boxed e-con e-parent\" data-id=\"2854f273\" data-element_type=\"container\" data-e-type=\"container\">\n\t\t\t\t\t<div class=\"e-con-inner\">\n\t\t\t\t<div class=\"elementor-element elementor-element-a9fb68b elementor-widget elementor-widget-heading\" data-id=\"a9fb68b\" data-element_type=\"widget\" data-e-type=\"widget\" data-widget_type=\"heading.default\">\n\t\t\t\t\t<h2 class=\"elementor-heading-title elementor-size-default\">Sea Silk Travel Integritetspolicy<\/h2>\t\t\t\t<\/div>\n\t\t\t\t<div class=\"elementor-element elementor-element-40b3e8e5 elementor-widget elementor-widget-text-editor\" data-id=\"40b3e8e5\" data-element_type=\"widget\" data-e-type=\"widget\" data-widget_type=\"text-editor.default\">\n\t\t\t\t\t\t\t\t\t\n<h2 class=\"wp-block-heading\">Vilka vi \u00e4r<\/h2>\n\n\n\n<p>Sea Silk Travel \u00e4r en R\u00f6da Havsbaserad rese- och dykbyr\u00e5 som erbjuder skr\u00e4ddarsydda dyksemestrar, safarier med liveaboard och skr\u00e4ddarsydda upplevelser. V\u00e5r webbplatsadress \u00e4r: <a href=\"https:\/\/seasilk.travel\/sv\/\">https:\/\/seasilk.travel.<\/a> <\/p>\n\n\n\n<h2 class=\"wp-block-heading\">Vilka personuppgifter vi samlar in<\/h2>\n\n\n\n<p>Vi samlar in personuppgifter endast n\u00e4r du interagerar med oss direkt, till exempel via bokningsformul\u00e4r, kontaktmeddelanden eller meddelandeplattformar som WhatsApp. Detta kan inkludera ditt namn, e-post, telefonnummer och resepreferenser. <\/p>\n\n\n\n<h2 class=\"wp-block-heading\">Hur vi anv\u00e4nder dina uppgifter<\/h2>\n\n\n\n<p>Vi anv\u00e4nder dina uppgifter f\u00f6r att svara p\u00e5 f\u00f6rfr\u00e5gningar, bekr\u00e4fta bokningar, utf\u00e4rda fakturor och tillhandah\u00e5lla relevanta resetj\u00e4nster. Vi s\u00e4ljer eller hyr inte ut dina uppgifter. Uppgifterna kan ocks\u00e5 anv\u00e4ndas f\u00f6r kundsupport, uppdateringar och driftskommunikation.  <\/p>\n\n\n\n<h2 class=\"wp-block-heading\">Kakor<\/h2>\n\n\n\n<p>Vi anv\u00e4nder cookies f\u00f6r att f\u00f6rb\u00e4ttra din webbupplevelse och analysera trafik. Genom att anv\u00e4nda v\u00e5r webbplats samtycker du till anv\u00e4ndningen av cookies. Du kan n\u00e4r som helst inaktivera cookies i dina webbl\u00e4sarinst\u00e4llningar. Vi rekommenderar att du granskar dina val genom v\u00e5r banner f\u00f6r samtycke till cookies, som drivs av CookieYes eller ett liknande verktyg.   <\/p>\n\n\n\n<h2 class=\"wp-block-heading\">Inb\u00e4ddat inneh\u00e5ll<\/h2>\n\n\n\n<p>Artiklar och avsnitt p\u00e5 denna webbplats kan inneh\u00e5lla inb\u00e4ddat inneh\u00e5ll (t.ex. YouTube-videor eller Instagram-inl\u00e4gg). Dessa webbplatser kan samla in data, anv\u00e4nda cookies och \u00f6vervaka din interaktion med det inneh\u00e5llet som om du bes\u00f6kte deras webbplats direkt. <\/p>\n\n\n\n<h2 class=\"wp-block-heading\">Betalningar<\/h2>\n\n\n\n<p>Om du g\u00f6r en betalning via Stripe hanteras din betalningsinformation p\u00e5 ett s\u00e4kert s\u00e4tt av Stripe. Vi lagrar inte och har inte tillg\u00e5ng till dina kreditkortsuppgifter. Se <a href=\"https:\/\/stripe.com\/privacy\" target=\"_blank\" rel=\"noopener\">Stripes integritetspolicy<\/a> f\u00f6r mer information.  <\/p>\n\n\n\n<h2 class=\"wp-block-heading\">WhatsApp och meddelanden<\/h2>\n\n\n\n<p>N\u00e4r du kontaktar oss via WhatsApp behandlas ditt meddelande via WhatsApps plattform. Vi kan komma att lagra relevant meddelandeinneh\u00e5ll eller kontaktuppgifter f\u00f6r att kunna hj\u00e4lpa dig eller slutf\u00f6ra din bokning. Se <a href=\"https:\/\/www.whatsapp.com\/legal\/privacy-policy\" target=\"_blank\" rel=\"noopener\">WhatsApps integritetspolicy<\/a> f\u00f6r mer information.  <\/p>\n\n\n\n<h2 class=\"wp-block-heading\">Vem vi delar data med<\/h2>\n\n\n\n<p>Vi varken s\u00e4ljer, hyr ut eller delar dina personuppgifter med tredje part, s\u00e5vida det inte kr\u00e4vs f\u00f6r att leverera en tj\u00e4nst som du beg\u00e4r (t.ex. bokning hos en partnerdykcenter eller boendeleverant\u00f6r), eller om det kr\u00e4vs enligt lag.<\/p>\n\n\n\n<h2 class=\"wp-block-heading\">Hur l\u00e4nge vi beh\u00e5ller dina uppgifter<\/h2>\n\n\n\n<p>Vi beh\u00e5ller kontaktinformation och bokningsrelaterade uppgifter s\u00e5 l\u00e4nge som det \u00e4r n\u00f6dv\u00e4ndigt f\u00f6r att uppfylla din resef\u00f6rfr\u00e5gan eller uppfylla skattem\u00e4ssiga\/juridiska skyldigheter. Du kan n\u00e4r som helst beg\u00e4ra radering av dina uppgifter. <\/p>\n\n\n\n<h2 class=\"wp-block-heading\">Dina r\u00e4ttigheter<\/h2>\n\n\n\n<p>Du har r\u00e4tt att f\u00e5 tillg\u00e5ng till, korrigera eller beg\u00e4ra radering av dina personuppgifter. F\u00f6r att g\u00f6ra det, v\u00e4nligen kontakta oss p\u00e5 <a href=\"mailto:info@seasilk.travel\">info@seasilk.travel.<\/a> <\/p>\n\n\n\n<h2 class=\"wp-block-heading\">Tj\u00e4nster fr\u00e5n tredje part<\/h2>\n\n\n\n<p>Vi kan komma att anv\u00e4nda f\u00f6ljande tj\u00e4nster f\u00f6r analys, betalningar, marknadsf\u00f6ring eller kundsupport:<\/p>\n<ul>\n  <li><strong>Google Analytics<\/strong> &#8211; f\u00f6r att analysera webbplatsens prestanda och bes\u00f6kartrender<\/li>\n  <li><strong>Facebook Pixel<\/strong> &#8211; f\u00f6r reklam- och remarketing\u00e4ndam\u00e5l<\/li>\n  <li><strong>Microsoft Clarity<\/strong> &#8211; f\u00f6r att f\u00f6rst\u00e5 hur anv\u00e4ndare interagerar med v\u00e5r webbplats. L\u00e4s mer p\u00e5 <a href=\"https:\/\/clarity.microsoft.com\" target=\"_blank\" rel=\"noopener\">clarity.microsoft.com<\/a> <\/li>\n  <li><strong>CookieYes<\/strong> &#8211; f\u00f6r att hantera ditt cookie-samtycke och dina efterlevnadspreferenser<\/li>\n<\/ul>\n<p>Dessa tj\u00e4nster kan samla in anonymiserade data och placera cookies i din webbl\u00e4sare. Du kan hantera eller inaktivera sp\u00e5rning via v\u00e5r cookiebanner eller dina webbl\u00e4sarinst\u00e4llningar. <\/p>\n\n\n\n<h2 class=\"wp-block-heading\">Kontaktuppgifter<\/h2>\n\n\n\n<p>F\u00f6r fr\u00e5gor om denna integritetspolicy eller f\u00f6r att g\u00f6ra en beg\u00e4ran om uppgifter, v\u00e4nligen skicka ett e-postmeddelande till <a href=\"mailto:info@seasilk.travel\">info@seasilk.travel.<\/a><\/p>\n\t\t\t\t\t\t\t\t<\/div>\n\t\t\t\t\t<\/div>\n\t\t\t\t<\/div>\n\t\t\t\t<\/div>\n\t\t","protected":false},"excerpt":{"rendered":"<p>Sea Silk Travel Integritetspolicy Vilka vi \u00e4r Sea Silk Travel \u00e4r en R\u00f6da Havsbaserad rese- och dykbyr\u00e5 som erbjuder skr\u00e4ddarsydda dyksemestrar, safarier med liveaboard och skr\u00e4ddarsydda upplevelser. V\u00e5r webbplatsadress \u00e4r: https:\/\/seasilk.travel. Vilka personuppgifter vi samlar in Vi samlar in personuppgifter endast n\u00e4r du interagerar med oss direkt, till exempel via bokningsformul\u00e4r, kontaktmeddelanden eller meddelandeplattformar som [&hellip;]<\/p>\n","protected":false},"author":1,"featured_media":0,"parent":0,"menu_order":0,"comment_status":"closed","ping_status":"closed","template":"","meta":{"_acf_changed":false,"footnotes":""},"class_list":["post-1331","page","type-page","status-publish","hentry"],"acf":[],"_links":{"self":[{"href":"https:\/\/seasilk.travel\/sv\/wp-json\/wp\/v2\/pages\/1331","targetHints":{"allow":["GET"]}}],"collection":[{"href":"https:\/\/seasilk.travel\/sv\/wp-json\/wp\/v2\/pages"}],"about":[{"href":"https:\/\/seasilk.travel\/sv\/wp-json\/wp\/v2\/types\/page"}],"author":[{"embeddable":true,"href":"https:\/\/seasilk.travel\/sv\/wp-json\/wp\/v2\/users\/1"}],"replies":[{"embeddable":true,"href":"https:\/\/seasilk.travel\/sv\/wp-json\/wp\/v2\/comments?post=1331"}],"version-history":[{"count":3,"href":"https:\/\/seasilk.travel\/sv\/wp-json\/wp\/v2\/pages\/1331\/revisions"}],"predecessor-version":[{"id":1334,"href":"https:\/\/seasilk.travel\/sv\/wp-json\/wp\/v2\/pages\/1331\/revisions\/1334"}],"wp:attachment":[{"href":"https:\/\/seasilk.travel\/sv\/wp-json\/wp\/v2\/media?parent=1331"}],"curies":[{"name":"wp","href":"https:\/\/api.w.org\/{rel}","templated":true}]}}