{"id":1385,"date":"2025-12-07T16:29:41","date_gmt":"2025-12-07T15:29:41","guid":{"rendered":"https:\/\/seasilk.travel\/villkor-och-anvisningar\/"},"modified":"2026-02-16T11:16:35","modified_gmt":"2026-02-16T10:16:35","slug":"villkor-och-anvisningar","status":"publish","type":"page","link":"https:\/\/seasilk.travel\/sv\/villkor-och-anvisningar\/","title":{"rendered":"Villkor och anvisningar"},"content":{"rendered":"\t\t<div data-elementor-type=\"wp-page\" data-elementor-id=\"1385\" class=\"elementor elementor-1385 elementor-135\" data-elementor-post-type=\"page\">\n\t\t\t\t<div class=\"elementor-element elementor-element-9d64209 e-flex e-con-boxed e-con e-parent\" data-id=\"9d64209\" data-element_type=\"container\" data-e-type=\"container\">\n\t\t\t\t\t<div class=\"e-con-inner\">\n\t\t\t\t<div class=\"elementor-element elementor-element-75fbfb3 elementor-widget elementor-widget-heading\" data-id=\"75fbfb3\" data-element_type=\"widget\" data-e-type=\"widget\" data-widget_type=\"heading.default\">\n\t\t\t\t\t<h2 class=\"elementor-heading-title elementor-size-default\">Villkor och anvisningar<\/h2>\t\t\t\t<\/div>\n\t\t\t\t<div class=\"elementor-element elementor-element-f9260b8 elementor-widget elementor-widget-text-editor\" data-id=\"f9260b8\" data-element_type=\"widget\" data-e-type=\"widget\" data-widget_type=\"text-editor.default\">\n\t\t\t\t\t\t\t\t\t\n<p>Dessa allm\u00e4nna villkor (&#8221;Avtalet&#8221;) g\u00e4ller f\u00f6r alla bokningar och tj\u00e4nster som tillhandah\u00e5lls av Sea Silk Travel (&#8221;vi&#8221;, &#8221;oss&#8221; eller &#8221;v\u00e5r&#8221;). Genom att bekr\u00e4fta en bokning samtycker kunden (&#8221;du&#8221;) till att vara bunden av dessa villkor. <\/p>\n\n\n\n<h2 class=\"wp-block-heading\">1. Bokning &amp; Betalning<\/h2>\n\n\n\n<p>En bokning anses bekr\u00e4ftad n\u00e4r en deposition eller full betalning har mottagits. Vi accepterar betalning via kredit- \/ betalkort (behandlas s\u00e4kert via Stripe), Wise eller godk\u00e4nda bank\u00f6verf\u00f6ringar. <\/p>\n\n\n\n<p>Alla depositioner \u00e4r strikt icke-\u00e5terbetalningsbara. Detta g\u00e4ller oavsett sk\u00e4let till avbokningen. Resterande belopp (om n\u00e5got) m\u00e5ste betalas senast den \u00f6verenskomna tidsfristen f\u00f6r att s\u00e4kra din bokning.  <\/p>\n\n\n\n<h2 class=\"wp-block-heading\">2. Avbest\u00e4llningar och \u00e5terbetalningar<\/h2>\n\n\n\n<p>Avbokning fr\u00e5n kundens sida m\u00e5ste ske skriftligen via e-post eller WhatsApp. Alla betalningar som gjorts, inklusive depositioner, \u00e5terbetalas inte. <\/p>\n\n\n\n<p>Vi f\u00f6rbeh\u00e5ller oss r\u00e4tten att st\u00e4lla in en resa eller tj\u00e4nst p\u00e5 grund av v\u00e4der, force majeure eller operativa problem. I s\u00e5dana fall kommer vi att g\u00f6ra rimliga anstr\u00e4ngningar f\u00f6r att omboka eller erbjuda en kredit. Vi ansvarar inte f\u00f6r kostnader relaterade till flyg, boende eller missade aktiviteter p\u00e5 grund av externa avbokningar.  <\/p>\n\n\n\n<h2 class=\"wp-block-heading\">3. Risker i samband med resor och dykning<\/h2>\n\n\n\n<p>Genom att boka med Sea Silk Travel erk\u00e4nner du att dykning, snorkling och marina resor medf\u00f6r inneboende risker. Du bekr\u00e4ftar att du \u00e4r fysiskt l\u00e4mplig, medicinskt klar f\u00f6r dykning och kan delta i de aktiviteter du bokar. <\/p>\n\n\n\n<p>Vi rekommenderar starkt personlig dyk- och resef\u00f6rs\u00e4kring. Vi \u00e4r inte ansvariga f\u00f6r skador, sjukdomar, olyckor, f\u00f6rlust av egendom eller st\u00f6rningar som ligger utanf\u00f6r v\u00e5r kontroll. <\/p>\n\n\n\n<h2 class=\"wp-block-heading\">4. Ansvar f\u00f6r kunden<\/h2>\n\n\n\n<p>Du \u00e4r ansvarig f\u00f6r att l\u00e4mna korrekt personlig information, f\u00f6lja lokala lagar och s\u00e4kerhetsprocedurer f\u00f6r dykning samt f\u00f6lja de anvisningar som ges av certifierade instrukt\u00f6rer, guider eller partneroperat\u00f6rer. Vi f\u00f6rbeh\u00e5ller oss r\u00e4tten att neka service till alla kunder som beter sig farligt, respektl\u00f6st eller olagligt. <\/p>\n\n\n\n<h2 class=\"wp-block-heading\">5. Tillhandah\u00e5llna tj\u00e4nster<\/h2>\n\n\n\n<p>Sea Silk Travel fungerar som en samordnare mellan dig och betrodda tredjepartsleverant\u00f6rer (t.ex. b\u00e5toperat\u00f6rer, dykcenter och boende). Vi v\u00e4ljer partners noggrant men ansvarar inte f\u00f6r f\u00f6rseningar, avbokningar eller problem som orsakas av dessa tredje parter. <\/p>\n\n\n\n<h2 class=\"wp-block-heading\">6. Ansvarsfriskrivning<\/h2>\n\n\n\n<p>I den utstr\u00e4ckning som lagen till\u00e5ter ska Sea Silk Travel inte h\u00e5llas ansvarigt f\u00f6r indirekta, tillf\u00e4lliga, speciella eller f\u00f6ljdskador eller f\u00f6r f\u00f6rlust av vinst, data eller aff\u00e4rsm\u00f6jligheter som uppst\u00e5r till f\u00f6ljd av eller i samband med de tillhandah\u00e5llna tj\u00e4nsterna.<\/p>\n\n\n\n<p>Vi kan inte garantera specifika v\u00e4der- och vattenf\u00f6rh\u00e5llanden eller observationer av vilda djur.<\/p>\n\n\n\n<h2 class=\"wp-block-heading\">7. \u00c4ndringar av resv\u00e4g eller tj\u00e4nster<\/h2>\n\n\n\n<p>Resplaner och tj\u00e4nster kan komma att justeras p\u00e5 grund av v\u00e4der, s\u00e4kerhet, tillg\u00e4nglighet eller operativa behov. Vi kommer att informera dig om alla betydande f\u00f6r\u00e4ndringar s\u00e5 tidigt som m\u00f6jligt och erbjuda j\u00e4mf\u00f6rbara alternativ n\u00e4r det \u00e4r m\u00f6jligt. <\/p>\n\n\n\n<h2 class=\"wp-block-heading\">8. Till\u00e4mplig lag<\/h2>\n\n\n\n<p>Detta avtal ska regleras av och tolkas enligt lagarna i den jurisdiktion d\u00e4r Sea Silk Travel \u00e4r\n\t\t\t\t\t\t\t\t<\/div>\n\t\t\t\t\t<\/div>\n\t\t\t\t<\/div>\n\t\t\t\t<\/div>\n\t\t","protected":false},"excerpt":{"rendered":"<p>Villkor och anvisningar Dessa allm\u00e4nna villkor (&#8221;Avtalet&#8221;) g\u00e4ller f\u00f6r alla bokningar och tj\u00e4nster som tillhandah\u00e5lls av Sea Silk Travel (&#8221;vi&#8221;, &#8221;oss&#8221; eller &#8221;v\u00e5r&#8221;). Genom att bekr\u00e4fta en bokning samtycker kunden (&#8221;du&#8221;) till att vara bunden av dessa villkor. 1. Bokning &amp; Betalning En bokning anses bekr\u00e4ftad n\u00e4r en deposition eller full betalning har mottagits. Vi [&hellip;]<\/p>\n","protected":false},"author":1,"featured_media":0,"parent":0,"menu_order":0,"comment_status":"closed","ping_status":"closed","template":"","meta":{"_acf_changed":false,"footnotes":""},"class_list":["post-1385","page","type-page","status-publish","hentry"],"acf":[],"_links":{"self":[{"href":"https:\/\/seasilk.travel\/sv\/wp-json\/wp\/v2\/pages\/1385","targetHints":{"allow":["GET"]}}],"collection":[{"href":"https:\/\/seasilk.travel\/sv\/wp-json\/wp\/v2\/pages"}],"about":[{"href":"https:\/\/seasilk.travel\/sv\/wp-json\/wp\/v2\/types\/page"}],"author":[{"embeddable":true,"href":"https:\/\/seasilk.travel\/sv\/wp-json\/wp\/v2\/users\/1"}],"replies":[{"embeddable":true,"href":"https:\/\/seasilk.travel\/sv\/wp-json\/wp\/v2\/comments?post=1385"}],"version-history":[{"count":3,"href":"https:\/\/seasilk.travel\/sv\/wp-json\/wp\/v2\/pages\/1385\/revisions"}],"predecessor-version":[{"id":1391,"href":"https:\/\/seasilk.travel\/sv\/wp-json\/wp\/v2\/pages\/1385\/revisions\/1391"}],"wp:attachment":[{"href":"https:\/\/seasilk.travel\/sv\/wp-json\/wp\/v2\/media?parent=1385"}],"curies":[{"name":"wp","href":"https:\/\/api.w.org\/{rel}","templated":true}]}}